{"id":766,"date":"2017-12-20T21:38:39","date_gmt":"2017-12-20T21:38:39","guid":{"rendered":"http:\/\/albertlacostataller.com\/ca\/inicio\/"},"modified":"2023-06-12T08:19:08","modified_gmt":"2023-06-12T08:19:08","slug":"inici","status":"publish","type":"page","link":"https:\/\/albertlacostataller.com\/ca\/","title":{"rendered":"Inici"},"content":{"rendered":"<p>[et_pb_section fb_built=&#8221;1&#8243; fullwidth=&#8221;on&#8221; disabled_on=&#8221;on||&#8221; _builder_version=&#8221;3.22&#8243; background_image=&#8221;https:\/\/albertlacostataller.com\/wp-content\/uploads\/2017\/12\/portada_lacosta.png&#8221;][et_pb_fullwidth_slider _builder_version=&#8221;3.16&#8243; background_image=&#8221;https:\/\/albertlacostataller.com\/wp-content\/uploads\/2017\/12\/portada_lacosta.png&#8221; custom_button=&#8221;on&#8221; button_text_size__hover_enabled=&#8221;off&#8221; button_one_text_size__hover_enabled=&#8221;off&#8221; button_two_text_size__hover_enabled=&#8221;off&#8221; button_text_color__hover_enabled=&#8221;off&#8221; button_one_text_color__hover_enabled=&#8221;off&#8221; button_two_text_color__hover_enabled=&#8221;off&#8221; button_border_width__hover_enabled=&#8221;off&#8221; button_one_border_width__hover_enabled=&#8221;off&#8221; button_two_border_width__hover_enabled=&#8221;off&#8221; button_border_color__hover_enabled=&#8221;off&#8221; button_one_border_color__hover_enabled=&#8221;off&#8221; button_two_border_color__hover_enabled=&#8221;off&#8221; button_border_radius__hover_enabled=&#8221;off&#8221; button_one_border_radius__hover_enabled=&#8221;off&#8221; button_two_border_radius__hover_enabled=&#8221;off&#8221; button_letter_spacing__hover_enabled=&#8221;off&#8221; button_one_letter_spacing__hover_enabled=&#8221;off&#8221; button_two_letter_spacing__hover_enabled=&#8221;off&#8221; button_bg_color__hover_enabled=&#8221;off&#8221; button_one_bg_color__hover_enabled=&#8221;off&#8221; button_two_bg_color__hover_enabled=&#8221;off&#8221;][et_pb_slide heading=&#8221;ALBERT LACOSTA TALLER&#8221; button_text=&#8221;Taller mec\u00e1nico en Figueres&#8221; button_link=&#8221;https:\/\/albertlacostataller.com\/ca\/contacte\/&#8221; use_bg_overlay=&#8221;off&#8221; use_text_overlay=&#8221;on&#8221; _builder_version=&#8221;3.16&#8243; background_image=&#8221;https:\/\/albertlacostataller.com\/wp-content\/uploads\/2017\/12\/portada_lacosta.png&#8221; custom_button=&#8221;on&#8221; button_use_icon=&#8221;on&#8221; button_on_hover=&#8221;on&#8221; button_text_size__hover_enabled=&#8221;off&#8221; button_one_text_size__hover_enabled=&#8221;off&#8221; button_two_text_size__hover_enabled=&#8221;off&#8221; button_text_color__hover_enabled=&#8221;off&#8221; button_one_text_color__hover_enabled=&#8221;off&#8221; button_two_text_color__hover_enabled=&#8221;off&#8221; button_border_width__hover_enabled=&#8221;off&#8221; button_one_border_width__hover_enabled=&#8221;off&#8221; button_two_border_width__hover_enabled=&#8221;off&#8221; button_border_color__hover_enabled=&#8221;off&#8221; button_one_border_color__hover_enabled=&#8221;off&#8221; button_two_border_color__hover_enabled=&#8221;off&#8221; button_border_radius__hover_enabled=&#8221;off&#8221; button_one_border_radius__hover_enabled=&#8221;off&#8221; button_two_border_radius__hover_enabled=&#8221;off&#8221; button_letter_spacing__hover_enabled=&#8221;off&#8221; button_one_letter_spacing__hover_enabled=&#8221;off&#8221; button_two_letter_spacing__hover_enabled=&#8221;off&#8221; button_bg_color__hover_enabled=&#8221;off&#8221; button_one_bg_color__hover_enabled=&#8221;off&#8221; button_two_bg_color__hover_enabled=&#8221;off&#8221;]<\/p>\n<div class=\"et_pb_slide_content\">Taller mec\u00e1nico dedicado a la reparaci\u00f3n y mantenimiento de coches y furgonetas desde el a\u00f1o 1975. Encu\u00e9ntrenos en Figueres para que obtenga servicios mec\u00e1nicos de primera calidad.<\/div>\n<p>[\/et_pb_slide][\/et_pb_fullwidth_slider][\/et_pb_section][et_pb_section fb_built=&#8221;1&#8243; _builder_version=&#8221;3.22&#8243;][et_pb_row _builder_version=&#8221;3.25&#8243; background_size=&#8221;initial&#8221; background_position=&#8221;top_left&#8221; background_repeat=&#8221;repeat&#8221;][et_pb_column type=&#8221;4_4&#8243; _builder_version=&#8221;3.25&#8243; custom_padding=&#8221;|||&#8221; custom_padding__hover=&#8221;|||&#8221;][et_pb_text _builder_version=&#8221;3.27.4&#8243; text_font_size=&#8221;21px&#8221; header_font_size=&#8221;40px&#8221;]<\/p>\n<div class=\"row content-box\">\n<h1 class=\"content-title col-lg-offset-2 col-lg-8 col-md-offset-2 col-md-8 col-sm-12 col-xs-12\" style=\"text-align: center;\"><span style=\"color: #045bbe;\">Servicio personalizado<\/span><\/h1>\n<\/div>\n<p>[\/et_pb_text][et_pb_text _builder_version=&#8221;3.27.4&#8243; header_font_size=&#8221;35px&#8221;]<\/p>\n<div class=\"row content-box\">\n<h1 class=\"content-subtitle col-lg-offset-2 col-lg-8 col-md-offset-2 col-md-8 col-sm-12 col-xs-12\" style=\"text-align: center;\"><span style=\"color: #000000;\">La experiencia, profesionalidad y trato personal son rasgos distintivos que sostienen los pilares de nuestro taller mec\u00e1nico<\/span><\/h1>\n<\/div>\n<p>[\/et_pb_text][\/et_pb_column][\/et_pb_row][et_pb_row _builder_version=&#8221;3.25&#8243; background_size=&#8221;initial&#8221; background_position=&#8221;top_left&#8221; background_repeat=&#8221;repeat&#8221; column_structure=&#8221;1_3,1_3,1_3&#8243;][et_pb_column type=&#8221;1_3&#8243; _builder_version=&#8221;3.25&#8243; custom_padding=&#8221;|||&#8221; custom_padding__hover=&#8221;|||&#8221;][et_pb_image src=&#8221;https:\/\/albertlacostataller.com\/wp-content\/uploads\/2017\/12\/mecanico_figueres.jpg&#8221; url=&#8221;https:\/\/albertlacostataller.com\/ca\/sobre-nosaltres\/&#8221; use_overlay=&#8221;on&#8221; align_tablet=&#8221;center&#8221; align_last_edited=&#8221;on|desktop&#8221; _builder_version=&#8221;3.23&#8243; box_shadow_style=&#8221;preset6&#8243;]&nbsp;<br \/>\n[\/et_pb_image][et_pb_text _builder_version=&#8221;3.27.4&#8243;]<\/p>\n<p style=\"text-align: center;\">Revisi\u00f3n y mantenimiento de motores, cajas de cambios, suspensiones..<\/p>\n<p>[\/et_pb_text][\/et_pb_column][et_pb_column type=&#8221;1_3&#8243; _builder_version=&#8221;3.25&#8243; custom_padding=&#8221;|||&#8221; custom_padding__hover=&#8221;|||&#8221;][et_pb_image src=&#8221;https:\/\/albertlacostataller.com\/wp-content\/uploads\/2017\/12\/recambio_neurmaticos_figueres.jpg&#8221; url=&#8221;https:\/\/albertlacostataller.com\/ca\/sobre-nosaltres\/&#8221; use_overlay=&#8221;on&#8221; align_tablet=&#8221;center&#8221; align_last_edited=&#8221;on|desktop&#8221; _builder_version=&#8221;3.23&#8243;]&nbsp;<br \/>\n[\/et_pb_image][et_pb_text _builder_version=&#8221;3.27.4&#8243;]<\/p>\n<p style=\"text-align: center;\">\u00a0Montaje de neum\u00e1ticos, alineaci\u00f3n de direcciones, contrapesado de ruedas<\/p>\n<p>[\/et_pb_text][\/et_pb_column][et_pb_column type=&#8221;1_3&#8243; _builder_version=&#8221;3.25&#8243; custom_padding=&#8221;|||&#8221; custom_padding__hover=&#8221;|||&#8221;][et_pb_image src=&#8221;https:\/\/albertlacostataller.com\/wp-content\/uploads\/2017\/12\/taller_coches_figueres.jpg&#8221; url=&#8221;https:\/\/albertlacostataller.com\/ca\/sobre-nosaltres\/&#8221; use_overlay=&#8221;on&#8221; align_tablet=&#8221;center&#8221; align_last_edited=&#8221;on|desktop&#8221; _builder_version=&#8221;3.23&#8243;]&nbsp;<br \/>\n[\/et_pb_image][et_pb_text _builder_version=&#8221;3.27.4&#8243;]<\/p>\n<p style=\"text-align: center;\">Sistemas de inyecci\u00f3n electr\u00f3nicas y mec\u00e1nicas, reparaci\u00f3n de motores de arranque y alternadores<\/p>\n<p>[\/et_pb_text][\/et_pb_column][\/et_pb_row][et_pb_row _builder_version=&#8221;3.25&#8243; background_size=&#8221;initial&#8221; background_position=&#8221;top_left&#8221; background_repeat=&#8221;repeat&#8221; custom_padding=&#8221;114px|||||&#8221;][et_pb_column type=&#8221;4_4&#8243; _builder_version=&#8221;3.25&#8243; custom_padding=&#8221;|||&#8221; custom_padding__hover=&#8221;|||&#8221;][et_pb_text _builder_version=&#8221;3.27.4&#8243; text_font_size=&#8221;31px&#8221; header_font_size=&#8221;40px&#8221; header_font_size_tablet=&#8221;&#8221; header_font_size_phone=&#8221;30px&#8221; header_font_size_last_edited=&#8221;on|desktop&#8221;]<\/p>\n<h1 style=\"text-align: center;\"><span style=\"color: #045bbe;\">D\u00f3nde estamos | C\u00f3mo llegar a Albert Lacosta Taller<\/span><\/h1>\n<p style=\"text-align: center;\">[\/et_pb_text][et_pb_text _builder_version=&#8221;3.27.4&#8243; header_font_size=&#8221;45px&#8221; header_font_size_tablet=&#8221;&#8221; header_font_size_phone=&#8221;30px&#8221; header_font_size_last_edited=&#8221;on|desktop&#8221;]<\/p>\n<p style=\"text-align: center;\">Introduce nuestra direcci\u00f3n exacta en\u00a0<a href=\"https:\/\/www.google.es\/maps\/place\/Albert+Lacosta+Taller\/@42.26502,2.9474213,17z\/data=!3m1!4b1!4m5!3m4!1s0x12ba8defa41b4d9f:0x93e3d037f6e8e652!8m2!3d42.26502!4d2.94961?dcr=0\">Google Maps<\/a>\u00a0y aparecer\u00e1 la mejor ruta para llegar a nuestra localizaci\u00f3n<\/p>\n<p style=\"text-align: center;\">[\/et_pb_text][et_pb_text _builder_version=&#8221;3.27.4&#8243;]<iframe loading=\"lazy\" style=\"border: 0;\" src=\"https:\/\/www.google.com\/maps\/embed?pb=!1m18!1m12!1m3!1d2952.632500546896!2d2.9474213154533024!3d42.26501997919337!2m3!1f0!2f0!3f0!3m2!1i1024!2i768!4f13.1!3m3!1m2!1s0x12ba8defa41b4d9f%3A0x93e3d037f6e8e652!2sAlbert+Lacosta+Taller!5e0!3m2!1sca!2ses!4v1513896331904\" width=\"1038\" height=\"395\" frameborder=\"0\" allowfullscreen=\"allowfullscreen\"><\/iframe><\/p>\n<p style=\"text-align: center;\">[\/et_pb_text][et_pb_button button_url=&#8221;https:\/\/albertlacostataller.com\/ca\/contacte\/&#8221; button_text=&#8221;CONTACTA CON NOSOTROS&#8221; button_alignment=&#8221;center&#8221; _builder_version=&#8221;3.16&#8243; custom_button=&#8221;on&#8221; button_text_size=&#8221;35&#8243; button_text_color=&#8221;#045bbe&#8221; button_text_size__hover_enabled=&#8221;off&#8221; button_one_text_size__hover_enabled=&#8221;off&#8221; button_two_text_size__hover_enabled=&#8221;off&#8221; button_text_color__hover_enabled=&#8221;off&#8221; button_one_text_color__hover_enabled=&#8221;off&#8221; button_two_text_color__hover_enabled=&#8221;off&#8221; button_border_width__hover_enabled=&#8221;off&#8221; button_one_border_width__hover_enabled=&#8221;off&#8221; button_two_border_width__hover_enabled=&#8221;off&#8221; button_border_color__hover_enabled=&#8221;off&#8221; button_one_border_color__hover_enabled=&#8221;off&#8221; button_two_border_color__hover_enabled=&#8221;off&#8221; button_border_radius__hover_enabled=&#8221;off&#8221; button_one_border_radius__hover_enabled=&#8221;off&#8221; button_two_border_radius__hover_enabled=&#8221;off&#8221; button_letter_spacing__hover_enabled=&#8221;off&#8221; button_one_letter_spacing__hover_enabled=&#8221;off&#8221; button_two_letter_spacing__hover_enabled=&#8221;off&#8221; button_bg_color__hover_enabled=&#8221;off&#8221; button_one_bg_color__hover_enabled=&#8221;off&#8221; button_two_bg_color__hover_enabled=&#8221;off&#8221;][\/et_pb_button][\/et_pb_column][\/et_pb_row][et_pb_row _builder_version=&#8221;3.25&#8243; background_size=&#8221;initial&#8221; background_position=&#8221;top_left&#8221; background_repeat=&#8221;repeat&#8221; custom_padding=&#8221;101px|||||&#8221;][et_pb_column type=&#8221;4_4&#8243; _builder_version=&#8221;3.25&#8243; custom_padding=&#8221;|||&#8221; custom_padding__hover=&#8221;|||&#8221;][et_pb_blog fullwidth=&#8221;off&#8221; posts_number=&#8221;3&#8243; include_categories=&#8221;all&#8221; show_more=&#8221;on&#8221; _builder_version=&#8221;4.1&#8243; animation_style=&#8221;slide&#8221; hover_enabled=&#8221;0&#8243; header_font_size=&#8221;22px&#8221;][\/et_pb_blog][\/et_pb_column][\/et_pb_row][\/et_pb_section]<\/p>\n","protected":false},"excerpt":{"rendered":"<p>Taller mec\u00e1nico dedicado a la reparaci\u00f3n y mantenimiento de coches y furgonetas desde el a\u00f1o 1975. Encu\u00e9ntrenos en Figueres para que obtenga servicios mec\u00e1nicos de primera calidad. Servicio personalizado La experiencia, profesionalidad y trato personal son rasgos distintivos que sostienen los pilares de nuestro taller mec\u00e1nico &nbsp; Revisi\u00f3n y mantenimiento de motores, cajas de cambios, [&hellip;]<\/p>\n","protected":false},"author":1,"featured_media":1681,"parent":0,"menu_order":0,"comment_status":"closed","ping_status":"closed","template":"","meta":{"_et_pb_use_builder":"on","_et_pb_old_content":"","_et_gb_content_width":"","footnotes":""},"class_list":["post-766","page","type-page","status-publish","has-post-thumbnail","hentry"],"yoast_head":"<!-- This site is optimized with the Yoast SEO plugin v27.3 - https:\/\/yoast.com\/product\/yoast-seo-wordpress\/ -->\n<title>Taller mec\u00e0nic a Figueres | Albert Lacosta Taller<\/title>\n<meta name=\"description\" content=\"Albert Lacosta Taller, taller mec\u00e0nic dedicat a la reparaci\u00f3 de cotxes i vehicles des de l&#039;any 1975. Serveis mec\u00e0nics de primera qualitat.\" \/>\n<meta name=\"robots\" content=\"index, follow, max-snippet:-1, max-image-preview:large, max-video-preview:-1\" \/>\n<link rel=\"canonical\" href=\"https:\/\/albertlacostataller.com\/ca\/\" \/>\n<meta property=\"og:locale\" content=\"ca_ES\" \/>\n<meta property=\"og:type\" content=\"article\" \/>\n<meta property=\"og:title\" content=\"Taller mec\u00e0nic a Figueres | Albert Lacosta Taller\" \/>\n<meta property=\"og:description\" content=\"Albert Lacosta Taller, taller mec\u00e0nic dedicat a la reparaci\u00f3 de cotxes i vehicles des de l&#039;any 1975. Serveis mec\u00e0nics de primera qualitat.\" \/>\n<meta property=\"og:url\" content=\"https:\/\/albertlacostataller.com\/ca\/\" \/>\n<meta property=\"og:site_name\" content=\"ALBERT LACOSTA TALLER\" \/>\n<meta property=\"article:publisher\" content=\"https:\/\/www.facebook.com\/AlbertLacostaTaller\/\" \/>\n<meta property=\"article:modified_time\" content=\"2023-06-12T08:19:08+00:00\" \/>\n<meta property=\"og:image\" content=\"https:\/\/albertlacostataller.com\/wp-content\/uploads\/2023\/02\/cambio-neumaticos-min.jpg\" \/>\n\t<meta property=\"og:image:width\" content=\"2560\" \/>\n\t<meta property=\"og:image:height\" content=\"1707\" \/>\n\t<meta property=\"og:image:type\" content=\"image\/jpeg\" \/>\n<meta name=\"twitter:card\" content=\"summary_large_image\" \/>\n<meta name=\"twitter:label1\" content=\"Temps estimat de lectura\" \/>\n\t<meta name=\"twitter:data1\" content=\"2 minuts\" \/>\n<script type=\"application\/ld+json\" class=\"yoast-schema-graph\">{\"@context\":\"https:\\\/\\\/schema.org\",\"@graph\":[{\"@type\":\"WebPage\",\"@id\":\"https:\\\/\\\/albertlacostataller.com\\\/ca\\\/\",\"url\":\"https:\\\/\\\/albertlacostataller.com\\\/ca\\\/\",\"name\":\"Taller mec\u00e0nic a Figueres | Albert Lacosta Taller\",\"isPartOf\":{\"@id\":\"https:\\\/\\\/albertlacostataller.com\\\/ca\\\/#website\"},\"primaryImageOfPage\":{\"@id\":\"https:\\\/\\\/albertlacostataller.com\\\/ca\\\/#primaryimage\"},\"image\":{\"@id\":\"https:\\\/\\\/albertlacostataller.com\\\/ca\\\/#primaryimage\"},\"thumbnailUrl\":\"https:\\\/\\\/albertlacostataller.com\\\/wp-content\\\/uploads\\\/2023\\\/02\\\/cambio-neumaticos-min.jpg\",\"datePublished\":\"2017-12-20T21:38:39+00:00\",\"dateModified\":\"2023-06-12T08:19:08+00:00\",\"description\":\"Albert Lacosta Taller, taller mec\u00e0nic dedicat a la reparaci\u00f3 de cotxes i vehicles des de l'any 1975. Serveis mec\u00e0nics de primera qualitat.\",\"breadcrumb\":{\"@id\":\"https:\\\/\\\/albertlacostataller.com\\\/ca\\\/#breadcrumb\"},\"inLanguage\":\"ca\",\"potentialAction\":[{\"@type\":\"ReadAction\",\"target\":[\"https:\\\/\\\/albertlacostataller.com\\\/ca\\\/\"]}]},{\"@type\":\"ImageObject\",\"inLanguage\":\"ca\",\"@id\":\"https:\\\/\\\/albertlacostataller.com\\\/ca\\\/#primaryimage\",\"url\":\"https:\\\/\\\/albertlacostataller.com\\\/wp-content\\\/uploads\\\/2023\\\/02\\\/cambio-neumaticos-min.jpg\",\"contentUrl\":\"https:\\\/\\\/albertlacostataller.com\\\/wp-content\\\/uploads\\\/2023\\\/02\\\/cambio-neumaticos-min.jpg\",\"width\":2560,\"height\":1707,\"caption\":\"Taller mec\u00e1nico en Figueres\"},{\"@type\":\"BreadcrumbList\",\"@id\":\"https:\\\/\\\/albertlacostataller.com\\\/ca\\\/#breadcrumb\",\"itemListElement\":[{\"@type\":\"ListItem\",\"position\":1,\"name\":\"Portada\",\"item\":\"https:\\\/\\\/albertlacostataller.com\\\/ca\\\/\"},{\"@type\":\"ListItem\",\"position\":2,\"name\":\"Inici\"}]},{\"@type\":\"WebSite\",\"@id\":\"https:\\\/\\\/albertlacostataller.com\\\/ca\\\/#website\",\"url\":\"https:\\\/\\\/albertlacostataller.com\\\/ca\\\/\",\"name\":\"ALBERT LACOSTA TALLER\",\"description\":\"Mantenimiento y reparaci\u00f3n de veh\u00edculos de motor\",\"publisher\":{\"@id\":\"https:\\\/\\\/albertlacostataller.com\\\/ca\\\/#organization\"},\"potentialAction\":[{\"@type\":\"SearchAction\",\"target\":{\"@type\":\"EntryPoint\",\"urlTemplate\":\"https:\\\/\\\/albertlacostataller.com\\\/ca\\\/?s={search_term_string}\"},\"query-input\":{\"@type\":\"PropertyValueSpecification\",\"valueRequired\":true,\"valueName\":\"search_term_string\"}}],\"inLanguage\":\"ca\"},{\"@type\":\"Organization\",\"@id\":\"https:\\\/\\\/albertlacostataller.com\\\/ca\\\/#organization\",\"name\":\"ALBERT LACOSTA TALLER\",\"url\":\"https:\\\/\\\/albertlacostataller.com\\\/ca\\\/\",\"logo\":{\"@type\":\"ImageObject\",\"inLanguage\":\"ca\",\"@id\":\"https:\\\/\\\/albertlacostataller.com\\\/ca\\\/#\\\/schema\\\/logo\\\/image\\\/\",\"url\":\"https:\\\/\\\/albertlacostataller.com\\\/wp-content\\\/uploads\\\/2015\\\/01\\\/logo.png\",\"contentUrl\":\"https:\\\/\\\/albertlacostataller.com\\\/wp-content\\\/uploads\\\/2015\\\/01\\\/logo.png\",\"width\":250,\"height\":250,\"caption\":\"ALBERT LACOSTA TALLER\"},\"image\":{\"@id\":\"https:\\\/\\\/albertlacostataller.com\\\/ca\\\/#\\\/schema\\\/logo\\\/image\\\/\"},\"sameAs\":[\"https:\\\/\\\/www.facebook.com\\\/AlbertLacostaTaller\\\/\"]}]}<\/script>\n<!-- \/ Yoast SEO plugin. -->","yoast_head_json":{"title":"Taller mec\u00e0nic a Figueres | Albert Lacosta Taller","description":"Albert Lacosta Taller, taller mec\u00e0nic dedicat a la reparaci\u00f3 de cotxes i vehicles des de l'any 1975. Serveis mec\u00e0nics de primera qualitat.","robots":{"index":"index","follow":"follow","max-snippet":"max-snippet:-1","max-image-preview":"max-image-preview:large","max-video-preview":"max-video-preview:-1"},"canonical":"https:\/\/albertlacostataller.com\/ca\/","og_locale":"ca_ES","og_type":"article","og_title":"Taller mec\u00e0nic a Figueres | Albert Lacosta Taller","og_description":"Albert Lacosta Taller, taller mec\u00e0nic dedicat a la reparaci\u00f3 de cotxes i vehicles des de l'any 1975. Serveis mec\u00e0nics de primera qualitat.","og_url":"https:\/\/albertlacostataller.com\/ca\/","og_site_name":"ALBERT LACOSTA TALLER","article_publisher":"https:\/\/www.facebook.com\/AlbertLacostaTaller\/","article_modified_time":"2023-06-12T08:19:08+00:00","og_image":[{"width":2560,"height":1707,"url":"https:\/\/albertlacostataller.com\/wp-content\/uploads\/2023\/02\/cambio-neumaticos-min.jpg","type":"image\/jpeg"}],"twitter_card":"summary_large_image","twitter_misc":{"Temps estimat de lectura":"2 minuts"},"schema":{"@context":"https:\/\/schema.org","@graph":[{"@type":"WebPage","@id":"https:\/\/albertlacostataller.com\/ca\/","url":"https:\/\/albertlacostataller.com\/ca\/","name":"Taller mec\u00e0nic a Figueres | Albert Lacosta Taller","isPartOf":{"@id":"https:\/\/albertlacostataller.com\/ca\/#website"},"primaryImageOfPage":{"@id":"https:\/\/albertlacostataller.com\/ca\/#primaryimage"},"image":{"@id":"https:\/\/albertlacostataller.com\/ca\/#primaryimage"},"thumbnailUrl":"https:\/\/albertlacostataller.com\/wp-content\/uploads\/2023\/02\/cambio-neumaticos-min.jpg","datePublished":"2017-12-20T21:38:39+00:00","dateModified":"2023-06-12T08:19:08+00:00","description":"Albert Lacosta Taller, taller mec\u00e0nic dedicat a la reparaci\u00f3 de cotxes i vehicles des de l'any 1975. Serveis mec\u00e0nics de primera qualitat.","breadcrumb":{"@id":"https:\/\/albertlacostataller.com\/ca\/#breadcrumb"},"inLanguage":"ca","potentialAction":[{"@type":"ReadAction","target":["https:\/\/albertlacostataller.com\/ca\/"]}]},{"@type":"ImageObject","inLanguage":"ca","@id":"https:\/\/albertlacostataller.com\/ca\/#primaryimage","url":"https:\/\/albertlacostataller.com\/wp-content\/uploads\/2023\/02\/cambio-neumaticos-min.jpg","contentUrl":"https:\/\/albertlacostataller.com\/wp-content\/uploads\/2023\/02\/cambio-neumaticos-min.jpg","width":2560,"height":1707,"caption":"Taller mec\u00e1nico en Figueres"},{"@type":"BreadcrumbList","@id":"https:\/\/albertlacostataller.com\/ca\/#breadcrumb","itemListElement":[{"@type":"ListItem","position":1,"name":"Portada","item":"https:\/\/albertlacostataller.com\/ca\/"},{"@type":"ListItem","position":2,"name":"Inici"}]},{"@type":"WebSite","@id":"https:\/\/albertlacostataller.com\/ca\/#website","url":"https:\/\/albertlacostataller.com\/ca\/","name":"ALBERT LACOSTA TALLER","description":"Mantenimiento y reparaci\u00f3n de veh\u00edculos de motor","publisher":{"@id":"https:\/\/albertlacostataller.com\/ca\/#organization"},"potentialAction":[{"@type":"SearchAction","target":{"@type":"EntryPoint","urlTemplate":"https:\/\/albertlacostataller.com\/ca\/?s={search_term_string}"},"query-input":{"@type":"PropertyValueSpecification","valueRequired":true,"valueName":"search_term_string"}}],"inLanguage":"ca"},{"@type":"Organization","@id":"https:\/\/albertlacostataller.com\/ca\/#organization","name":"ALBERT LACOSTA TALLER","url":"https:\/\/albertlacostataller.com\/ca\/","logo":{"@type":"ImageObject","inLanguage":"ca","@id":"https:\/\/albertlacostataller.com\/ca\/#\/schema\/logo\/image\/","url":"https:\/\/albertlacostataller.com\/wp-content\/uploads\/2015\/01\/logo.png","contentUrl":"https:\/\/albertlacostataller.com\/wp-content\/uploads\/2015\/01\/logo.png","width":250,"height":250,"caption":"ALBERT LACOSTA TALLER"},"image":{"@id":"https:\/\/albertlacostataller.com\/ca\/#\/schema\/logo\/image\/"},"sameAs":["https:\/\/www.facebook.com\/AlbertLacostaTaller\/"]}]}},"_links":{"self":[{"href":"https:\/\/albertlacostataller.com\/ca\/wp-json\/wp\/v2\/pages\/766","targetHints":{"allow":["GET"]}}],"collection":[{"href":"https:\/\/albertlacostataller.com\/ca\/wp-json\/wp\/v2\/pages"}],"about":[{"href":"https:\/\/albertlacostataller.com\/ca\/wp-json\/wp\/v2\/types\/page"}],"author":[{"embeddable":true,"href":"https:\/\/albertlacostataller.com\/ca\/wp-json\/wp\/v2\/users\/1"}],"replies":[{"embeddable":true,"href":"https:\/\/albertlacostataller.com\/ca\/wp-json\/wp\/v2\/comments?post=766"}],"version-history":[{"count":0,"href":"https:\/\/albertlacostataller.com\/ca\/wp-json\/wp\/v2\/pages\/766\/revisions"}],"wp:featuredmedia":[{"embeddable":true,"href":"https:\/\/albertlacostataller.com\/ca\/wp-json\/wp\/v2\/media\/1681"}],"wp:attachment":[{"href":"https:\/\/albertlacostataller.com\/ca\/wp-json\/wp\/v2\/media?parent=766"}],"curies":[{"name":"wp","href":"https:\/\/api.w.org\/{rel}","templated":true}]}}