{"id":772,"date":"2017-12-20T23:22:41","date_gmt":"2017-12-20T23:22:41","guid":{"rendered":"http:\/\/albertlacostataller.com\/ca\/sobre-nosotros\/"},"modified":"2022-12-12T12:35:52","modified_gmt":"2022-12-12T12:35:52","slug":"sobre-nosaltres","status":"publish","type":"page","link":"https:\/\/albertlacostataller.com\/ca\/sobre-nosaltres\/","title":{"rendered":"Sobre nosaltres"},"content":{"rendered":"<p>[et_pb_section fb_built=&#8221;1&#8243; _builder_version=&#8221;3.22&#8243; parallax=&#8221;on&#8221;][et_pb_row _builder_version=&#8221;3.25&#8243; background_size=&#8221;initial&#8221; background_position=&#8221;top_left&#8221; background_repeat=&#8221;repeat&#8221;][et_pb_column type=&#8221;4_4&#8243; _builder_version=&#8221;3.25&#8243; custom_padding=&#8221;|||&#8221; custom_padding__hover=&#8221;|||&#8221;][et_pb_text admin_label=&#8221;Text&#8221; _builder_version=&#8221;3.27.4&#8243; text_orientation=&#8221;center&#8221;]<\/p>\n<h1 style=\"text-align: center;\"><span style=\"color: #045bbe;\">Taller Mec\u00e1nico en Figueres &amp; Albert Lacosta<\/span><\/h1>\n<p>Somos Albert Lacosta Taller, un taller dedicado a la reparaci\u00f3n de coches desde el a\u00f1o 1975. Encu\u00e9ntrenos en Figueres para que obtenga servicios mec\u00e1nicos de primera calidad. La dedicaci\u00f3n y el esfuerzo continuo han sido los aspectos fundamentales que nos han caracterizado. Contamos con excelentes instalaciones y avanzada tecnolog\u00eda para asegurar un buen servicio al cliente.<br \/>\nNo dude en <a href=\"https:\/\/www.google.es\/maps\/place\/Albert+Lacosta+Taller\/@42.26502,2.9474213,17z\/data=!3m1!4b1!4m5!3m4!1s0x12ba8defa41b4d9f:0x93e3d037f6e8e652!8m2!3d42.26502!4d2.94961?dcr=0\">visitarnos<\/a>, estaremos encantados de atenderle.<br \/>\n[\/et_pb_text][\/et_pb_column][\/et_pb_row][et_pb_row _builder_version=&#8221;3.25&#8243; column_structure=&#8221;1_3,1_3,1_3&#8243;][et_pb_column type=&#8221;1_3&#8243; _builder_version=&#8221;3.25&#8243; custom_padding=&#8221;|||&#8221; custom_padding__hover=&#8221;|||&#8221;][et_pb_image src=&#8221;https:\/\/albertlacostataller.com\/wp-content\/uploads\/2017\/12\/icon.png&#8221; align=&#8221;center&#8221; align_tablet=&#8221;center&#8221; align_last_edited=&#8221;on|desktop&#8221; _builder_version=&#8221;3.23&#8243; always_center_on_mobile=&#8221;on&#8221;][\/et_pb_image][et_pb_text _builder_version=&#8221;3.27.4&#8243;]<\/p>\n<p style=\"text-align: center;\"><span style=\"color: #045bbe;\"><strong>CALIDAD<\/strong><\/span><\/p>\n<p>[\/et_pb_text][et_pb_text _builder_version=&#8221;3.27.4&#8243; text_orientation=&#8221;justified&#8221;]<\/p>\n<p style=\"text-align: left;\">Ofrecemos a nuestros clientes plena garant\u00eda en la calidad integral de nuestros servicios con una amplia gama de equipos y personal experimentado en el sector.<\/p>\n<p>[\/et_pb_text][\/et_pb_column][et_pb_column type=&#8221;1_3&#8243; _builder_version=&#8221;3.25&#8243; custom_padding=&#8221;|||&#8221; custom_padding__hover=&#8221;|||&#8221;][et_pb_image src=&#8221;https:\/\/albertlacostataller.com\/wp-content\/uploads\/2017\/12\/cochepng.png&#8221; align=&#8221;center&#8221; align_tablet=&#8221;center&#8221; align_last_edited=&#8221;on|desktop&#8221; _builder_version=&#8221;3.23&#8243; always_center_on_mobile=&#8221;on&#8221;][\/et_pb_image][et_pb_text _builder_version=&#8221;3.27.4&#8243;]<\/p>\n<p style=\"text-align: center;\"><span style=\"color: #045bbe;\"><strong>EXPERIENCIA<\/strong><\/span><\/p>\n<p>[\/et_pb_text][et_pb_text _builder_version=&#8221;3.27.4&#8243; text_orientation=&#8221;justified&#8221;]<\/p>\n<p style=\"text-align: left;\">Con una dilatada experiencia en el sector, ofrecemos un servicio cualificado y limpio que nos brinda la suficiente autoridad para ofrecerle plena garant\u00eda en calidad.<\/p>\n<p>[\/et_pb_text][\/et_pb_column][et_pb_column type=&#8221;1_3&#8243; _builder_version=&#8221;3.25&#8243; custom_padding=&#8221;|||&#8221; custom_padding__hover=&#8221;|||&#8221;][et_pb_image src=&#8221;https:\/\/albertlacostataller.com\/wp-content\/uploads\/2017\/12\/colaboracion.png&#8221; align=&#8221;center&#8221; align_tablet=&#8221;center&#8221; align_last_edited=&#8221;on|desktop&#8221; _builder_version=&#8221;3.23&#8243; always_center_on_mobile=&#8221;on&#8221;][\/et_pb_image][et_pb_text _builder_version=&#8221;3.27.4&#8243;]<\/p>\n<p style=\"text-align: center;\"><span style=\"color: #045bbe;\"><strong>TRATO PERSONALIZADO<\/strong><\/span><\/p>\n<p>[\/et_pb_text][et_pb_text _builder_version=&#8221;3.27.4&#8243; text_orientation=&#8221;justified&#8221;]<\/p>\n<p style=\"text-align: left;\">Trato personalizado con nuestros clientes. Nuestro personal est\u00e1 en constante formaci\u00f3n y realiza los trabajos de mantenimiento de una amplia variedad de marcas.<\/p>\n<p>[\/et_pb_text][\/et_pb_column][\/et_pb_row][\/et_pb_section][et_pb_section fb_built=&#8221;1&#8243; fullwidth=&#8221;on&#8221; _builder_version=&#8221;3.22&#8243;][et_pb_fullwidth_slider _builder_version=&#8221;3.16&#8243; background_image=&#8221;https:\/\/albertlacostataller.com\/wp-content\/uploads\/2017\/05\/bateria_coche.jpeg&#8221; parallax=&#8221;on&#8221; box_shadow_style=&#8221;preset6&#8243; box_shadow_blur=&#8221;10px&#8221; box_shadow_color=&#8221;rgba(0,0,0,0.1)&#8221; show_inner_shadow=&#8221;on&#8221; button_text_size__hover_enabled=&#8221;off&#8221; button_one_text_size__hover_enabled=&#8221;off&#8221; button_two_text_size__hover_enabled=&#8221;off&#8221; button_text_color__hover_enabled=&#8221;off&#8221; button_one_text_color__hover_enabled=&#8221;off&#8221; button_two_text_color__hover_enabled=&#8221;off&#8221; button_border_width__hover_enabled=&#8221;off&#8221; button_one_border_width__hover_enabled=&#8221;off&#8221; button_two_border_width__hover_enabled=&#8221;off&#8221; button_border_color__hover_enabled=&#8221;off&#8221; button_one_border_color__hover_enabled=&#8221;off&#8221; button_two_border_color__hover_enabled=&#8221;off&#8221; button_border_radius__hover_enabled=&#8221;off&#8221; button_one_border_radius__hover_enabled=&#8221;off&#8221; button_two_border_radius__hover_enabled=&#8221;off&#8221; button_letter_spacing__hover_enabled=&#8221;off&#8221; button_one_letter_spacing__hover_enabled=&#8221;off&#8221; button_two_letter_spacing__hover_enabled=&#8221;off&#8221; button_bg_color__hover_enabled=&#8221;off&#8221; button_one_bg_color__hover_enabled=&#8221;off&#8221; button_two_bg_color__hover_enabled=&#8221;off&#8221;][et_pb_slide use_bg_overlay=&#8221;off&#8221; use_text_overlay=&#8221;off&#8221; _builder_version=&#8221;3.16&#8243; background_color=&#8221;#ffffff&#8221; background_image=&#8221;https:\/\/albertlacostataller.com\/wp-content\/uploads\/2017\/05\/bateria_coche.jpeg&#8221; button_text_size__hover_enabled=&#8221;off&#8221; button_one_text_size__hover_enabled=&#8221;off&#8221; button_two_text_size__hover_enabled=&#8221;off&#8221; button_text_color__hover_enabled=&#8221;off&#8221; button_one_text_color__hover_enabled=&#8221;off&#8221; button_two_text_color__hover_enabled=&#8221;off&#8221; button_border_width__hover_enabled=&#8221;off&#8221; button_one_border_width__hover_enabled=&#8221;off&#8221; button_two_border_width__hover_enabled=&#8221;off&#8221; button_border_color__hover_enabled=&#8221;off&#8221; button_one_border_color__hover_enabled=&#8221;off&#8221; button_two_border_color__hover_enabled=&#8221;off&#8221; button_border_radius__hover_enabled=&#8221;off&#8221; button_one_border_radius__hover_enabled=&#8221;off&#8221; button_two_border_radius__hover_enabled=&#8221;off&#8221; button_letter_spacing__hover_enabled=&#8221;off&#8221; button_one_letter_spacing__hover_enabled=&#8221;off&#8221; button_two_letter_spacing__hover_enabled=&#8221;off&#8221; button_bg_color__hover_enabled=&#8221;off&#8221; button_one_bg_color__hover_enabled=&#8221;off&#8221; button_two_bg_color__hover_enabled=&#8221;off&#8221;][\/et_pb_slide][\/et_pb_fullwidth_slider][\/et_pb_section][et_pb_section fb_built=&#8221;1&#8243; _builder_version=&#8221;3.22&#8243;][et_pb_row _builder_version=&#8221;3.25&#8243; background_size=&#8221;initial&#8221; background_position=&#8221;top_left&#8221; background_repeat=&#8221;repeat&#8221;][et_pb_column type=&#8221;4_4&#8243; _builder_version=&#8221;3.25&#8243; custom_padding=&#8221;|||&#8221; custom_padding__hover=&#8221;|||&#8221;][et_pb_cta title=&#8221;Albert Lacosta Taller dispone de un equipo de t\u00e9cnicos profesionales y especialistas para hacer frente a las exigencias mec\u00e1nicas de los veh\u00edculos actuales&#8221; button_url=&#8221;https:\/\/albertlacostataller.com\/ca\/contacte\/&#8221; button_text=&#8221;SOLICITA TU PRESUPUESTO SIN COMPROMISO&#8221; admin_label=&#8221;Call To Action&#8221; _builder_version=&#8221;4.1&#8243; header_font_size=&#8221;30&#8243; body_font_size=&#8221;21&#8243; background_color=&#8221;#ffffff&#8221; background_size=&#8221;initial&#8221; background_position=&#8221;top_left&#8221; background_repeat=&#8221;repeat&#8221; background_layout=&#8221;light&#8221; hover_enabled=&#8221;0&#8243; button_text_size__hover_enabled=&#8221;off&#8221; button_one_text_size__hover_enabled=&#8221;off&#8221; button_two_text_size__hover_enabled=&#8221;off&#8221; button_text_color__hover_enabled=&#8221;off&#8221; button_one_text_color__hover_enabled=&#8221;off&#8221; button_two_text_color__hover_enabled=&#8221;off&#8221; button_border_width__hover_enabled=&#8221;off&#8221; button_one_border_width__hover_enabled=&#8221;off&#8221; button_two_border_width__hover_enabled=&#8221;off&#8221; button_border_color__hover_enabled=&#8221;off&#8221; button_one_border_color__hover_enabled=&#8221;off&#8221; button_two_border_color__hover_enabled=&#8221;off&#8221; button_border_radius__hover_enabled=&#8221;off&#8221; button_one_border_radius__hover_enabled=&#8221;off&#8221; button_two_border_radius__hover_enabled=&#8221;off&#8221; button_letter_spacing__hover_enabled=&#8221;off&#8221; button_one_letter_spacing__hover_enabled=&#8221;off&#8221; button_two_letter_spacing__hover_enabled=&#8221;off&#8221; button_bg_color__hover_enabled=&#8221;off&#8221; button_one_bg_color__hover_enabled=&#8221;off&#8221; button_two_bg_color__hover_enabled=&#8221;off&#8221; custom_button=&#8221;on&#8221; button_text_color=&#8221;#000000&#8243;][\/et_pb_cta][\/et_pb_column][\/et_pb_row][\/et_pb_section]<\/p>\n","protected":false},"excerpt":{"rendered":"<p>Taller Mec\u00e1nico en Figueres &amp; Albert Lacosta Somos Albert Lacosta Taller, un taller dedicado a la reparaci\u00f3n de coches desde el a\u00f1o 1975. Encu\u00e9ntrenos en Figueres para que obtenga servicios mec\u00e1nicos de primera calidad. La dedicaci\u00f3n y el esfuerzo continuo han sido los aspectos fundamentales que nos han caracterizado. Contamos con excelentes instalaciones y avanzada [&hellip;]<\/p>\n","protected":false},"author":1,"featured_media":0,"parent":0,"menu_order":0,"comment_status":"closed","ping_status":"closed","template":"","meta":{"_et_pb_use_builder":"on","_et_pb_old_content":"<p>Somos Albert Lacosta Taller, un taller dedicado a la reparaci\u00f3n de coches desde el a\u00f1o 1975. Encu\u00e9ntrenos en Figueres para que obtenga <a href=\"http:\/\/albertlacostataller.com\/consejos-mantenimiento-motor-coche\/\">servicios mec\u00e1nicos<\/a> de primera calidad.<\/p><p>La dedicaci\u00f3n y el esfuerzo continuo han sido los aspectos fundamentales que nos han caracterizado. Contamos con excelentes instalaciones y avanzada tecnolog\u00eda para asegurar un buen servicio al cliente.<\/p><p>No dude en visitarnos, estaremos encantados de atenderle.<\/p>","_et_gb_content_width":"","footnotes":""},"class_list":["post-772","page","type-page","status-publish","hentry"],"yoast_head":"<!-- This site is optimized with the Yoast SEO plugin v27.3 - https:\/\/yoast.com\/product\/yoast-seo-wordpress\/ -->\n<title>Albert Lacosta Taller | Taller de Reparaci\u00f3n de veh\u00edculos a Figueres<\/title>\n<meta name=\"description\" content=\"Albert Lacosta Taller, taller mec\u00e0nic dedicat a la reparaci\u00f3 de cotxes i vehicles a Figueres. Serveis mec\u00e0nics de primera qualitat.\" \/>\n<meta name=\"robots\" content=\"index, follow, max-snippet:-1, max-image-preview:large, max-video-preview:-1\" \/>\n<link rel=\"canonical\" href=\"https:\/\/albertlacostataller.com\/ca\/sobre-nosaltres\/\" \/>\n<meta property=\"og:locale\" content=\"ca_ES\" \/>\n<meta property=\"og:type\" content=\"article\" \/>\n<meta property=\"og:title\" content=\"Albert Lacosta Taller | Taller de Reparaci\u00f3n de veh\u00edculos a Figueres\" \/>\n<meta property=\"og:description\" content=\"Albert Lacosta Taller, taller mec\u00e0nic dedicat a la reparaci\u00f3 de cotxes i vehicles a Figueres. Serveis mec\u00e0nics de primera qualitat.\" \/>\n<meta property=\"og:url\" content=\"https:\/\/albertlacostataller.com\/ca\/sobre-nosaltres\/\" \/>\n<meta property=\"og:site_name\" content=\"ALBERT LACOSTA TALLER\" \/>\n<meta property=\"article:publisher\" content=\"https:\/\/www.facebook.com\/AlbertLacostaTaller\/\" \/>\n<meta property=\"article:modified_time\" content=\"2022-12-12T12:35:52+00:00\" \/>\n<meta name=\"twitter:card\" content=\"summary_large_image\" \/>\n<meta name=\"twitter:label1\" content=\"Temps estimat de lectura\" \/>\n\t<meta name=\"twitter:data1\" content=\"2 minuts\" \/>\n<script type=\"application\/ld+json\" class=\"yoast-schema-graph\">{\"@context\":\"https:\\\/\\\/schema.org\",\"@graph\":[{\"@type\":\"WebPage\",\"@id\":\"https:\\\/\\\/albertlacostataller.com\\\/ca\\\/sobre-nosaltres\\\/\",\"url\":\"https:\\\/\\\/albertlacostataller.com\\\/ca\\\/sobre-nosaltres\\\/\",\"name\":\"Albert Lacosta Taller | Taller de Reparaci\u00f3n de veh\u00edculos a Figueres\",\"isPartOf\":{\"@id\":\"https:\\\/\\\/albertlacostataller.com\\\/ca\\\/#website\"},\"datePublished\":\"2017-12-20T23:22:41+00:00\",\"dateModified\":\"2022-12-12T12:35:52+00:00\",\"description\":\"Albert Lacosta Taller, taller mec\u00e0nic dedicat a la reparaci\u00f3 de cotxes i vehicles a Figueres. Serveis mec\u00e0nics de primera qualitat.\",\"breadcrumb\":{\"@id\":\"https:\\\/\\\/albertlacostataller.com\\\/ca\\\/sobre-nosaltres\\\/#breadcrumb\"},\"inLanguage\":\"ca\",\"potentialAction\":[{\"@type\":\"ReadAction\",\"target\":[\"https:\\\/\\\/albertlacostataller.com\\\/ca\\\/sobre-nosaltres\\\/\"]}]},{\"@type\":\"BreadcrumbList\",\"@id\":\"https:\\\/\\\/albertlacostataller.com\\\/ca\\\/sobre-nosaltres\\\/#breadcrumb\",\"itemListElement\":[{\"@type\":\"ListItem\",\"position\":1,\"name\":\"Portada\",\"item\":\"https:\\\/\\\/albertlacostataller.com\\\/ca\\\/\"},{\"@type\":\"ListItem\",\"position\":2,\"name\":\"Sobre nosaltres\"}]},{\"@type\":\"WebSite\",\"@id\":\"https:\\\/\\\/albertlacostataller.com\\\/ca\\\/#website\",\"url\":\"https:\\\/\\\/albertlacostataller.com\\\/ca\\\/\",\"name\":\"ALBERT LACOSTA TALLER\",\"description\":\"Mantenimiento y reparaci\u00f3n de veh\u00edculos de motor\",\"publisher\":{\"@id\":\"https:\\\/\\\/albertlacostataller.com\\\/ca\\\/#organization\"},\"potentialAction\":[{\"@type\":\"SearchAction\",\"target\":{\"@type\":\"EntryPoint\",\"urlTemplate\":\"https:\\\/\\\/albertlacostataller.com\\\/ca\\\/?s={search_term_string}\"},\"query-input\":{\"@type\":\"PropertyValueSpecification\",\"valueRequired\":true,\"valueName\":\"search_term_string\"}}],\"inLanguage\":\"ca\"},{\"@type\":\"Organization\",\"@id\":\"https:\\\/\\\/albertlacostataller.com\\\/ca\\\/#organization\",\"name\":\"ALBERT LACOSTA TALLER\",\"url\":\"https:\\\/\\\/albertlacostataller.com\\\/ca\\\/\",\"logo\":{\"@type\":\"ImageObject\",\"inLanguage\":\"ca\",\"@id\":\"https:\\\/\\\/albertlacostataller.com\\\/ca\\\/#\\\/schema\\\/logo\\\/image\\\/\",\"url\":\"https:\\\/\\\/albertlacostataller.com\\\/wp-content\\\/uploads\\\/2015\\\/01\\\/logo.png\",\"contentUrl\":\"https:\\\/\\\/albertlacostataller.com\\\/wp-content\\\/uploads\\\/2015\\\/01\\\/logo.png\",\"width\":250,\"height\":250,\"caption\":\"ALBERT LACOSTA TALLER\"},\"image\":{\"@id\":\"https:\\\/\\\/albertlacostataller.com\\\/ca\\\/#\\\/schema\\\/logo\\\/image\\\/\"},\"sameAs\":[\"https:\\\/\\\/www.facebook.com\\\/AlbertLacostaTaller\\\/\"]}]}<\/script>\n<!-- \/ Yoast SEO plugin. -->","yoast_head_json":{"title":"Albert Lacosta Taller | Taller de Reparaci\u00f3n de veh\u00edculos a Figueres","description":"Albert Lacosta Taller, taller mec\u00e0nic dedicat a la reparaci\u00f3 de cotxes i vehicles a Figueres. Serveis mec\u00e0nics de primera qualitat.","robots":{"index":"index","follow":"follow","max-snippet":"max-snippet:-1","max-image-preview":"max-image-preview:large","max-video-preview":"max-video-preview:-1"},"canonical":"https:\/\/albertlacostataller.com\/ca\/sobre-nosaltres\/","og_locale":"ca_ES","og_type":"article","og_title":"Albert Lacosta Taller | Taller de Reparaci\u00f3n de veh\u00edculos a Figueres","og_description":"Albert Lacosta Taller, taller mec\u00e0nic dedicat a la reparaci\u00f3 de cotxes i vehicles a Figueres. Serveis mec\u00e0nics de primera qualitat.","og_url":"https:\/\/albertlacostataller.com\/ca\/sobre-nosaltres\/","og_site_name":"ALBERT LACOSTA TALLER","article_publisher":"https:\/\/www.facebook.com\/AlbertLacostaTaller\/","article_modified_time":"2022-12-12T12:35:52+00:00","twitter_card":"summary_large_image","twitter_misc":{"Temps estimat de lectura":"2 minuts"},"schema":{"@context":"https:\/\/schema.org","@graph":[{"@type":"WebPage","@id":"https:\/\/albertlacostataller.com\/ca\/sobre-nosaltres\/","url":"https:\/\/albertlacostataller.com\/ca\/sobre-nosaltres\/","name":"Albert Lacosta Taller | Taller de Reparaci\u00f3n de veh\u00edculos a Figueres","isPartOf":{"@id":"https:\/\/albertlacostataller.com\/ca\/#website"},"datePublished":"2017-12-20T23:22:41+00:00","dateModified":"2022-12-12T12:35:52+00:00","description":"Albert Lacosta Taller, taller mec\u00e0nic dedicat a la reparaci\u00f3 de cotxes i vehicles a Figueres. Serveis mec\u00e0nics de primera qualitat.","breadcrumb":{"@id":"https:\/\/albertlacostataller.com\/ca\/sobre-nosaltres\/#breadcrumb"},"inLanguage":"ca","potentialAction":[{"@type":"ReadAction","target":["https:\/\/albertlacostataller.com\/ca\/sobre-nosaltres\/"]}]},{"@type":"BreadcrumbList","@id":"https:\/\/albertlacostataller.com\/ca\/sobre-nosaltres\/#breadcrumb","itemListElement":[{"@type":"ListItem","position":1,"name":"Portada","item":"https:\/\/albertlacostataller.com\/ca\/"},{"@type":"ListItem","position":2,"name":"Sobre nosaltres"}]},{"@type":"WebSite","@id":"https:\/\/albertlacostataller.com\/ca\/#website","url":"https:\/\/albertlacostataller.com\/ca\/","name":"ALBERT LACOSTA TALLER","description":"Mantenimiento y reparaci\u00f3n de veh\u00edculos de motor","publisher":{"@id":"https:\/\/albertlacostataller.com\/ca\/#organization"},"potentialAction":[{"@type":"SearchAction","target":{"@type":"EntryPoint","urlTemplate":"https:\/\/albertlacostataller.com\/ca\/?s={search_term_string}"},"query-input":{"@type":"PropertyValueSpecification","valueRequired":true,"valueName":"search_term_string"}}],"inLanguage":"ca"},{"@type":"Organization","@id":"https:\/\/albertlacostataller.com\/ca\/#organization","name":"ALBERT LACOSTA TALLER","url":"https:\/\/albertlacostataller.com\/ca\/","logo":{"@type":"ImageObject","inLanguage":"ca","@id":"https:\/\/albertlacostataller.com\/ca\/#\/schema\/logo\/image\/","url":"https:\/\/albertlacostataller.com\/wp-content\/uploads\/2015\/01\/logo.png","contentUrl":"https:\/\/albertlacostataller.com\/wp-content\/uploads\/2015\/01\/logo.png","width":250,"height":250,"caption":"ALBERT LACOSTA TALLER"},"image":{"@id":"https:\/\/albertlacostataller.com\/ca\/#\/schema\/logo\/image\/"},"sameAs":["https:\/\/www.facebook.com\/AlbertLacostaTaller\/"]}]}},"_links":{"self":[{"href":"https:\/\/albertlacostataller.com\/ca\/wp-json\/wp\/v2\/pages\/772","targetHints":{"allow":["GET"]}}],"collection":[{"href":"https:\/\/albertlacostataller.com\/ca\/wp-json\/wp\/v2\/pages"}],"about":[{"href":"https:\/\/albertlacostataller.com\/ca\/wp-json\/wp\/v2\/types\/page"}],"author":[{"embeddable":true,"href":"https:\/\/albertlacostataller.com\/ca\/wp-json\/wp\/v2\/users\/1"}],"replies":[{"embeddable":true,"href":"https:\/\/albertlacostataller.com\/ca\/wp-json\/wp\/v2\/comments?post=772"}],"version-history":[{"count":0,"href":"https:\/\/albertlacostataller.com\/ca\/wp-json\/wp\/v2\/pages\/772\/revisions"}],"wp:attachment":[{"href":"https:\/\/albertlacostataller.com\/ca\/wp-json\/wp\/v2\/media?parent=772"}],"curies":[{"name":"wp","href":"https:\/\/api.w.org\/{rel}","templated":true}]}}